{"id":21,"date":"2016-05-30T18:32:14","date_gmt":"2016-05-30T18:32:14","guid":{"rendered":"http:\/\/myggan.net\/?page_id=21"},"modified":"2020-09-22T19:15:38","modified_gmt":"2020-09-22T17:15:38","slug":"en-dag-pa-myggan","status":"publish","type":"page","link":"https:\/\/old2.myggan.net\/wp59\/en-dag-pa-myggan\/","title":{"rendered":"En dag p\u00e5 Myggan"},"content":{"rendered":"<div id='gallery-1' class='gallery galleryid-21 gallery-columns-3 gallery-size-medium'><figure class='gallery-item'>\n\t\t\t<div class='gallery-icon portrait'>\n\t\t\t\t<a href='https:\/\/old2.myggan.net\/wp59\/en-dag1\/'><img width=\"251\" height=\"300\" src=\"https:\/\/old2.myggan.net\/wp59\/wp-content\/uploads\/2016\/05\/en-dag1-251x300.jpg\" class=\"attachment-medium size-medium\" alt=\"\" loading=\"lazy\" srcset=\"https:\/\/old2.myggan.net\/wp59\/wp-content\/uploads\/2016\/05\/en-dag1-251x300.jpg 251w, https:\/\/old2.myggan.net\/wp59\/wp-content\/uploads\/2016\/05\/en-dag1.jpg 335w\" sizes=\"(max-width: 251px) 100vw, 251px\" \/><\/a>\n\t\t\t<\/div><\/figure><figure class='gallery-item'>\n\t\t\t<div class='gallery-icon portrait'>\n\t\t\t\t<a href='https:\/\/old2.myggan.net\/wp59\/en-dag2\/'><img width=\"251\" height=\"300\" src=\"https:\/\/old2.myggan.net\/wp59\/wp-content\/uploads\/2016\/05\/en-dag2-251x300.jpg\" class=\"attachment-medium size-medium\" alt=\"\" loading=\"lazy\" srcset=\"https:\/\/old2.myggan.net\/wp59\/wp-content\/uploads\/2016\/05\/en-dag2-251x300.jpg 251w, https:\/\/old2.myggan.net\/wp59\/wp-content\/uploads\/2016\/05\/en-dag2.jpg 335w\" sizes=\"(max-width: 251px) 100vw, 251px\" \/><\/a>\n\t\t\t<\/div><\/figure><figure class='gallery-item'>\n\t\t\t<div class='gallery-icon portrait'>\n\t\t\t\t<a href='https:\/\/old2.myggan.net\/wp59\/en-dag3\/'><img width=\"251\" height=\"300\" src=\"https:\/\/old2.myggan.net\/wp59\/wp-content\/uploads\/2016\/05\/en-dag3-251x300.jpg\" class=\"attachment-medium size-medium\" alt=\"\" loading=\"lazy\" srcset=\"https:\/\/old2.myggan.net\/wp59\/wp-content\/uploads\/2016\/05\/en-dag3-251x300.jpg 251w, https:\/\/old2.myggan.net\/wp59\/wp-content\/uploads\/2016\/05\/en-dag3.jpg 335w\" sizes=\"(max-width: 251px) 100vw, 251px\" \/><\/a>\n\t\t\t<\/div><\/figure>\n\t\t<\/div>\n\n<p>P\u00e5 Montessorif\u00f6rskolan Myggan tar vi emot barnen ute p\u00e5 g\u00e5rden varje dag.<\/p>\n<p>Klockan 9 b\u00f6rjar v\u00e5r planerade verksamhet. Oftast g\u00e5r vi in och arbetar med Montessorimaterialet som \u00e4r uppdelat i olika \u00e4mnen s\u00e5som matematik, praktiska livet, spr\u00e5k, kultur och sensoriska. En g\u00e5ng i veckan g\u00e5r barnen till skogen d\u00e4r de f\u00e5r l\u00e4ra sig om olika djur som finns i v\u00e5r natur. Ibland g\u00f6r vi \u00e4ven utflykter till n\u00e5gon park eller biblioteket.<\/p>\n<p>P\u00e5 samlingen pratar vi om vilka barn som \u00e4r p\u00e5 f\u00f6rskolan, vilka som \u00e4r sjuka eller lediga. Vi tittar p\u00e5 olika material, g\u00f6r experiment och sjunger tillsammans.<\/p>\n<p>Vid lunchen \u00e4ter barnen mat som vi f\u00e5r ifr\u00e5n cateringfirman <a href=\"https:\/\/www.matomsorg.se\/Lunchmeny.aspx\">Matomsorg<\/a> som satsar p\u00e5 ekologiska r\u00e5varor. Barnen l\u00e4gger sj\u00e4lva upp sin mat och dukar av n\u00e4r vi \u00e4r klara.<\/p>\n<p>Vilan anpassar vi efter barnens behov. P\u00e5 lilla Myggan sover barnen inne. P\u00e5 stora Myggan l\u00e4ser vi sagor eller lyssnar p\u00e5 lugn musik.<\/p>\n<p>Efter mellanm\u00e5let g\u00e5r vi ut och leker p\u00e5 g\u00e5rden.<\/p>\n<p>7:00\u00a0 F\u00f6rskolan \u00f6ppnar<br \/>\n9:00\u00a0 Planerad verksamhet<br \/>\n11:00\u00a0 Samling<br \/>\n11:15\u00a0 Lunch<br \/>\n12:00\u00a0 Vila<br \/>\n14:00\u00a0 Mellanm\u00e5l<br \/>\n14:30\u00a0 Vi g\u00e5r ut<br \/>\n17:00\u00a0 F\u00f6rskolan st\u00e4nger<\/p>\n","protected":false},"excerpt":{"rendered":"<p>P\u00e5 Montessorif\u00f6rskolan Myggan tar vi emot barnen ute p\u00e5 g\u00e5rden varje dag. Klockan 9 b\u00f6rjar v\u00e5r planerade verksamhet. Oftast g\u00e5r vi in och arbetar med Montessorimaterialet som \u00e4r uppdelat i olika \u00e4mnen s\u00e5som matematik, praktiska livet, spr\u00e5k, kultur och sensoriska.<\/p>\n","protected":false},"author":1,"featured_media":0,"parent":0,"menu_order":0,"comment_status":"closed","ping_status":"closed","template":"","meta":[],"_links":{"self":[{"href":"https:\/\/old2.myggan.net\/wp59\/wp-json\/wp\/v2\/pages\/21"}],"collection":[{"href":"https:\/\/old2.myggan.net\/wp59\/wp-json\/wp\/v2\/pages"}],"about":[{"href":"https:\/\/old2.myggan.net\/wp59\/wp-json\/wp\/v2\/types\/page"}],"author":[{"embeddable":true,"href":"https:\/\/old2.myggan.net\/wp59\/wp-json\/wp\/v2\/users\/1"}],"replies":[{"embeddable":true,"href":"https:\/\/old2.myggan.net\/wp59\/wp-json\/wp\/v2\/comments?post=21"}],"version-history":[{"count":3,"href":"https:\/\/old2.myggan.net\/wp59\/wp-json\/wp\/v2\/pages\/21\/revisions"}],"predecessor-version":[{"id":71,"href":"https:\/\/old2.myggan.net\/wp59\/wp-json\/wp\/v2\/pages\/21\/revisions\/71"}],"wp:attachment":[{"href":"https:\/\/old2.myggan.net\/wp59\/wp-json\/wp\/v2\/media?parent=21"}],"curies":[{"name":"wp","href":"https:\/\/api.w.org\/{rel}","templated":true}]}}