{"id":29,"date":"2016-05-30T18:34:29","date_gmt":"2016-05-30T18:34:29","guid":{"rendered":"http:\/\/myggan.net\/?page_id=29"},"modified":"2024-05-02T14:47:06","modified_gmt":"2024-05-02T12:47:06","slug":"vanliga-fragor","status":"publish","type":"page","link":"https:\/\/old2.myggan.net\/wp59\/vanliga-fragor\/","title":{"rendered":"Vanliga fr\u00e5gor"},"content":{"rendered":"<p><strong>Vilka \u00f6ppettider g\u00e4ller?<\/strong><\/p>\n<p>Myggan \u00e4r en heltidsf\u00f6rskola med \u00f6ppettider m\u00e5ndag \u2013 fredag kl. 07.00 \u2013 17.00. Vi har st\u00e4ngt vissa studiedagar och kl\u00e4mdagar.<\/p>\n<p><strong>Hur stora \u00e4r barngrupperna?<\/strong><\/p>\n<p>Vi har tv\u00e5 barngrupper: Lilla Myggan f\u00f6r barn upp till tre \u00e5r och Stora Myggan f\u00f6r dem mellan tre och sex \u00e5r. Vi brukar ha ungef\u00e4r 10 barn p\u00e5 Lilla och 20 barn p\u00e5 Stora (kan skilja lite fr\u00e5n \u00e5r till \u00e5r beroende p\u00e5 \u00e5rskullar).<\/p>\n<p><strong>Hur \u00e4r personalt\u00e4theten?<\/strong><\/p>\n<p>Vi har 1 personal p\u00e5 4-5 barn och s\u00e4llan ok\u00e4nda vikarier.<\/p>\n<p><strong>Hur mycket f\u00e5r barnen vara ute?<\/strong><\/p>\n<p>Barnen \u00e4r ute mycket. Vi har en fantastiskt tomt som inbjuder till lek och r\u00f6relse (gr\u00e4sytor, skogsdunge, frukttr\u00e4d, kl\u00e4tterst\u00e4llningar, gungor, k\u00f6k, bil\/cykelv\u00e4g, g\u00e5 p\u00e5 lina, sandl\u00e5dor, kulle o.s.v). Dessutom har vi tillg\u00e5ng till skog i n\u00e4rheten och alla barn g\u00e5r p\u00e5 utflykt dit varje vecka f\u00f6r naturskola.<br \/>\nVi \u00f6ppnar ute 7:00-9:00 och st\u00e4nger ute mellan 15:00-17:00 \u00e5ret runt. April till Oktober \u00e4r vi ute i stort sett hela eftermiddagarna.<\/p>\n<p><strong>Hur tillagas maten?<\/strong><\/p>\n<p>Maten kommer fr\u00e5n en cateringfirma som levererar h\u00f6gkvalitativ ekologisk mat. P\u00e5 s\u00e5 vis f\u00e5r vi b\u00e4ttre mat \u00e4n vad vi skulle kunna tillaga sj\u00e4lv samtidigt som all v\u00e5r personal kan fokusera p\u00e5 barnen.<br \/>\nBarnen dukar fram och plockar undan efter sig.<\/p>\n<p><strong>Vad \u00e4r vitsen med kooperativ?<\/strong><\/p>\n<p>Barnen \u00e4r det viktigaste vi som f\u00f6r\u00e4ldrar har, och i v\u00e5rt samh\u00e4lle \u00e4r det inte alltid som f\u00f6r\u00e4ldrarnas intressen tas tillvara (inte ens i barnomsorgen). Genom att sj\u00e4lva driva verksamheten har vi full insyn i hur verksamheten bedrivs och vi kan \u00e4ndra p\u00e5 saker som inte \u00e4r bra. Det \u00e4r dessutom oundvikligt att f\u00f6r\u00e4ldrar l\u00e4r k\u00e4nna varandra, och det \u00e4r n\u00e5got v\u00e4ldigt bra eftersom v\u00e5ra barn kommer att v\u00e4xa upp tillsammans. F\u00f6r\u00e4ldrarnas insatser ger dessutom \u00f6kade resurser f\u00f6r verksamheten.<\/p>\n<p><strong>Vad st\u00e4ller f\u00f6r\u00e4ldrakooperativet f\u00f6r krav p\u00e5 dig som f\u00f6r\u00e4lder?<\/strong><\/p>\n<p>Det inneb\u00e4r att du troligen engagerar dig mer aktivt \u00e4n om du har ditt barn p\u00e5 en kommunal f\u00f6rskola. Tv\u00e5 g\u00e5nger om \u00e5ret tr\u00e4ffas vi alla p\u00e5 en l\u00f6rdag f\u00f6rmiddag och fixar p\u00e5 g\u00e5rden; de vuxna fixar och pratar, barnen hj\u00e4lper till eller leker.<\/p>\n<p>F\u00f6rutom tr\u00e4dg\u00e5rdsdagarna deltar du i styrelsen eller i en av ansvarsgrupperna som t.ex. hj\u00e4lper till med ink\u00f6p,\u00a0fr\u00e4schar upp inne eller utemilj\u00f6n eller h\u00e5ller IT-milj\u00f6n uppdaterad.<\/p>\n<p>Vi har en st\u00e4dfirma som st\u00e4dar inne och f\u00f6rvaltning som sk\u00f6ter gr\u00e4sklippning och annat.<\/p>\n<p><strong>Vad inneb\u00e4r Montessoripedagogiken?<\/strong><\/p>\n<p>M\u00e5let med en montessorif\u00f6rskola \u00e4r att grundl\u00e4gga en sund k\u00e4nsla av egenv\u00e4rde och sj\u00e4lvtillit redan hos sm\u00e5 m\u00e4nniskor. Man f\u00f6rs\u00f6ker f\u00e5 barnen att sj\u00e4lva uppt\u00e4cka hur saker och ting ligger till. <a href=\"http:\/\/myggan.net\/pedagogik\/\">L\u00e4s mer om montessoripedagogiken h\u00e4r<\/a>.<\/p>\n<p><strong>Vad kostar det att ha mitt barn p\u00e5 Myggan?<\/strong><\/p>\n<p>Det \u00e4r samma avgift som hos andra kommunala f\u00f6rskolor.<\/p>\n<p><strong>Hur ser k\u00f6situationen ut?<\/strong><\/p>\n<p>Kontaka v\u00e5r rektor s\u00e5 kan du f\u00e5 besked direkt. Du kan ocks\u00e5 hitta<br \/>\ninformation p\u00e5 <a href=\"https:\/\/www.sollentuna.se\/sv\/skola--forskola\/Forskola\/\"><span style=\"color: #77cc6d;\">Sollentuna kommuns web<\/span><\/a><\/p>\n<p><strong>Hur st\u00e4ller jag mitt barn i k\u00f6?<\/strong><\/p>\n<p>Du m\u00e5ste sj\u00e4lv st\u00e4lla ditt barn i k\u00f6 via <a href=\"https:\/\/www.sollentuna.se\/sv\/skola--forskola\/Forskola\/\"><span style=\"color: #77cc6d;\">Sollentuna kommuns web<\/span><\/a>.<\/p>\n","protected":false},"excerpt":{"rendered":"<p>Vilka \u00f6ppettider g\u00e4ller? Myggan \u00e4r en heltidsf\u00f6rskola med \u00f6ppettider m\u00e5ndag \u2013 fredag kl. 07.00 \u2013 17.00. Vi har st\u00e4ngt vissa studiedagar och kl\u00e4mdagar. Hur stora \u00e4r barngrupperna? Vi har tv\u00e5 barngrupper: Lilla Myggan f\u00f6r barn upp till tre \u00e5r och<\/p>\n","protected":false},"author":1,"featured_media":0,"parent":0,"menu_order":0,"comment_status":"closed","ping_status":"closed","template":"","meta":[],"_links":{"self":[{"href":"https:\/\/old2.myggan.net\/wp59\/wp-json\/wp\/v2\/pages\/29"}],"collection":[{"href":"https:\/\/old2.myggan.net\/wp59\/wp-json\/wp\/v2\/pages"}],"about":[{"href":"https:\/\/old2.myggan.net\/wp59\/wp-json\/wp\/v2\/types\/page"}],"author":[{"embeddable":true,"href":"https:\/\/old2.myggan.net\/wp59\/wp-json\/wp\/v2\/users\/1"}],"replies":[{"embeddable":true,"href":"https:\/\/old2.myggan.net\/wp59\/wp-json\/wp\/v2\/comments?post=29"}],"version-history":[{"count":8,"href":"https:\/\/old2.myggan.net\/wp59\/wp-json\/wp\/v2\/pages\/29\/revisions"}],"predecessor-version":[{"id":92,"href":"https:\/\/old2.myggan.net\/wp59\/wp-json\/wp\/v2\/pages\/29\/revisions\/92"}],"wp:attachment":[{"href":"https:\/\/old2.myggan.net\/wp59\/wp-json\/wp\/v2\/media?parent=29"}],"curies":[{"name":"wp","href":"https:\/\/api.w.org\/{rel}","templated":true}]}}