{"id":32,"date":"2016-05-30T18:36:08","date_gmt":"2016-05-30T18:36:08","guid":{"rendered":"http:\/\/myggan.net\/?page_id=32"},"modified":"2024-02-24T07:47:28","modified_gmt":"2024-02-24T06:47:28","slug":"borja-hos-oss","status":"publish","type":"page","link":"https:\/\/old2.myggan.net\/wp59\/borja-hos-oss\/","title":{"rendered":"B\u00f6rja hos oss"},"content":{"rendered":"<p>Ring och prata med v\u00e5r personal, eller \u00e4nnu b\u00e4ttre, kom p\u00e5 bes\u00f6k och se f\u00f6r er sj\u00e4lva. Kontakta v\u00e5r rektor Sandra f\u00f6r att boka in en tid.<\/p>\n<p>Sandra Lindberg (Rektor)<br \/>\n073 &#8211; 698 66 03<br \/>\n072 &#8211; 011 98 84<br \/>\n<a href=\"http:\/\/myggan.net\/kontakta-oss\/\">Skicka meddelande<\/a><\/p>\n<p>Sandra h\u00e5ller ocks\u00e5 ett \u00f6ga p\u00e5 det kommunala k\u00f6systemet och kan svara p\u00e5 hur l\u00e5ng den nuvarande k\u00f6n \u00e4r.<\/p>\n<p>(Om du inte redan st\u00e5r i n\u00e5gon k\u00f6 s\u00e5 g\u00f6r det genast, du kan alltid \u00e4ndra dig senare).<\/p>\n<p>St\u00e4ll dig i k\u00f6 s\u00e5 att du har en plats n\u00e4r du beh\u00f6ver den via<\/p>\n<p><a href=\"http:\/\/www.sollentuna.se\/sv\/skola--forskola\/Forskola\/Ansok_om_plats\/\"><span style=\"color: #77cc6d;\">Sollentuna kommuns k\u00f6system<\/span><\/a><\/p>\n<p>(Sandra hj\u00e4lper g\u00e4rna till om du har n\u00e5gra fr\u00e5gor)<\/p>\n","protected":false},"excerpt":{"rendered":"<p>Ring och prata med v\u00e5r personal, eller \u00e4nnu b\u00e4ttre, kom p\u00e5 bes\u00f6k och se f\u00f6r er sj\u00e4lva. Kontakta v\u00e5r rektor Sandra f\u00f6r att boka in en tid. Sandra Lindberg (Rektor) 073 &#8211; 698 66 03 072 &#8211; 011 98 84<\/p>\n","protected":false},"author":1,"featured_media":0,"parent":0,"menu_order":0,"comment_status":"closed","ping_status":"closed","template":"","meta":[],"_links":{"self":[{"href":"https:\/\/old2.myggan.net\/wp59\/wp-json\/wp\/v2\/pages\/32"}],"collection":[{"href":"https:\/\/old2.myggan.net\/wp59\/wp-json\/wp\/v2\/pages"}],"about":[{"href":"https:\/\/old2.myggan.net\/wp59\/wp-json\/wp\/v2\/types\/page"}],"author":[{"embeddable":true,"href":"https:\/\/old2.myggan.net\/wp59\/wp-json\/wp\/v2\/users\/1"}],"replies":[{"embeddable":true,"href":"https:\/\/old2.myggan.net\/wp59\/wp-json\/wp\/v2\/comments?post=32"}],"version-history":[{"count":9,"href":"https:\/\/old2.myggan.net\/wp59\/wp-json\/wp\/v2\/pages\/32\/revisions"}],"predecessor-version":[{"id":84,"href":"https:\/\/old2.myggan.net\/wp59\/wp-json\/wp\/v2\/pages\/32\/revisions\/84"}],"wp:attachment":[{"href":"https:\/\/old2.myggan.net\/wp59\/wp-json\/wp\/v2\/media?parent=32"}],"curies":[{"name":"wp","href":"https:\/\/api.w.org\/{rel}","templated":true}]}}