{"id":5,"date":"2016-05-30T18:15:49","date_gmt":"2016-05-30T18:15:49","guid":{"rendered":"http:\/\/myggan.net\/?page_id=5"},"modified":"2016-05-30T18:15:49","modified_gmt":"2016-05-30T18:15:49","slug":"valkommen-till-myggan","status":"publish","type":"page","link":"https:\/\/old2.myggan.net\/wp59\/","title":{"rendered":"V\u00e4lkommen till Myggan"},"content":{"rendered":"<p>P\u00e5 Montessorif\u00f6rskolan Myggan har vi valt att\u00a0satsa p\u00e5:<\/p>\n<ul>\n<li>Tv\u00e5 barngrupper, en f\u00f6r barn 1-3 \u00e5r, en f\u00f6r barn 3-6 \u00e5r<\/li>\n<li>H\u00f6g personalt\u00e4thet, 4-5 barn per pedagog<\/li>\n<li>Aktiv och kreativ personal<\/li>\n<li>Montessoripedagogiken &#8211; barnens naturliga lust att utforska och l\u00e4ra<\/li>\n<li>Engagerade f\u00f6r\u00e4ldrar<\/li>\n<\/ul>\n<p>Dessutom har vi en stor och skyddad g\u00e5rd p\u00e5 baksidan med gott om frukttr\u00e4d och b\u00e4r.<\/p>\n","protected":false},"excerpt":{"rendered":"<p>P\u00e5 Montessorif\u00f6rskolan Myggan har vi valt att\u00a0satsa p\u00e5: Tv\u00e5 barngrupper, en f\u00f6r barn 1-3 \u00e5r, en f\u00f6r barn 3-6 \u00e5r H\u00f6g personalt\u00e4thet, 4-5 barn per pedagog Aktiv och kreativ personal Montessoripedagogiken &#8211; barnens naturliga lust att utforska och l\u00e4ra Engagerade<\/p>\n","protected":false},"author":1,"featured_media":0,"parent":0,"menu_order":0,"comment_status":"closed","ping_status":"closed","template":"","meta":[],"_links":{"self":[{"href":"https:\/\/old2.myggan.net\/wp59\/wp-json\/wp\/v2\/pages\/5"}],"collection":[{"href":"https:\/\/old2.myggan.net\/wp59\/wp-json\/wp\/v2\/pages"}],"about":[{"href":"https:\/\/old2.myggan.net\/wp59\/wp-json\/wp\/v2\/types\/page"}],"author":[{"embeddable":true,"href":"https:\/\/old2.myggan.net\/wp59\/wp-json\/wp\/v2\/users\/1"}],"replies":[{"embeddable":true,"href":"https:\/\/old2.myggan.net\/wp59\/wp-json\/wp\/v2\/comments?post=5"}],"version-history":[{"count":2,"href":"https:\/\/old2.myggan.net\/wp59\/wp-json\/wp\/v2\/pages\/5\/revisions"}],"predecessor-version":[{"id":91,"href":"https:\/\/old2.myggan.net\/wp59\/wp-json\/wp\/v2\/pages\/5\/revisions\/91"}],"wp:attachment":[{"href":"https:\/\/old2.myggan.net\/wp59\/wp-json\/wp\/v2\/media?parent=5"}],"curies":[{"name":"wp","href":"https:\/\/api.w.org\/{rel}","templated":true}]}}